{"id":32,"date":"2024-06-20T16:39:57","date_gmt":"2024-06-20T21:39:57","guid":{"rendered":"https:\/\/svarqueologos.com\/web\/home\/"},"modified":"2024-07-01T13:56:23","modified_gmt":"2024-07-01T18:56:23","slug":"home","status":"publish","type":"page","link":"https:\/\/svarqueologos.com\/web\/","title":{"rendered":"Home"},"content":{"rendered":"\n\n\n\n<p style=\"text-align: center\"><\/p><p style=\"text-align: center\"><font color=\"#ffffff\">Somos una consultora especializada en la formulaci\u00f3n de estudios arqueol\u00f3gicos y estrategias de gesti\u00f3n cultural. Nos destacamos por ofrecer un asesoramiento integral y personalizado que permite a nuestros clientes alcanzar sus objetivos mientras resguardamos el Patrimonio Cultural de la Naci\u00f3n. Con un equipo de profesionales altamente experimentados, promovemos la integridad, honestidad y el comportamiento \u00e9tico en todas nuestras actividades.<\/font><br><\/p>\n\n\n\n\n\n<h2>Misi\u00f3n<\/h2>\n\n<p style=\"text-align: justify;\">Proveer un servicio eficiente, confiable y de calidad. Ello significa brindar un asesoramiento&nbsp; integral con un plan de trabajo personalizado que permita a nuestros clientes alcanzar sus objetivos. Para nosotros es importante que los proyectos de inversi\u00f3n tengan \u00e9xito sin dejar de resguardar el Patrimonio Cultural de la Naci\u00f3n.<\/p>\n\n\n\n\n\n\n\n\n\n\n\n\n<h2>Visi\u00f3n<\/h2>\n\n<p style=\"text-align: justify;\">Buscamos convertirnos en la consultora en arqueolog\u00eda con el mejor rendimiento cient\u00edfico y t\u00e9cnico. Por ello, trabajamos en implementar nuevos recursos que permitan ofrecer soluciones eficaces.<\/p><p style=\"text-align: justify;\"><br><\/p>\n\n\n\n\n<h2>\u00bfPor qu\u00e9 es necesario una Consultora en Arqueolog\u00eda?<\/h2>\n\n<p style=\"text-align: center\"><\/p><p style=\"text-align: center\"><font color=\"#ffffff\">De acuerdo con la legislaci\u00f3n peruana, toda obra o proyecto de inversi\u00f3n que se realice en territorio nacional debe de contar con las autorizaciones del Ministerio de Cultura, entre ellos, son indispensables los estudios orientados a prevenir y reducir un posible impacto sobre el Patrimonio Cultural.<\/font><\/p><div style=\"text-align: center;\"><br><\/div>\n\n\n\n\n\n<h2>Nuestros servicios<\/h2>\n\n\n\n<p class=\"MsoNormal\" style=\"text-align: justify;\"><span lang=\"ES\">Para l\u00edneas base,\nestudios de impacto ambiental y estudios de factibilidad para proyectos de\ninversi\u00f3n de inversi\u00f3n. Realizamos&nbsp;\ninspecciones de diagn\u00f3stico para conocer el estado presencia\/ausencia de\nevidencias arqueol\u00f3gicas en \u00e1reas donde se proyecta una obra o un proyecto de\ninversi\u00f3n p\u00fablica con el objetivo de planificar las medidas de mitigaci\u00f3n\ncorrectas.<o:p><\/o:p><\/span><\/p>\n\n\n<p style=\"font-size: 14px; text-align: justify;\">De acuerdo a las caracter\u00edsticas del terreno o de la obra, lo asesoramos en la toma de la v\u00eda m\u00e1s apropiada para la obtenci\u00f3n de este certificado. El CIRA es extendido por el Ministerio de Cultura s\u00f3lo para \u00e1reas sin evidencias arqueol\u00f3gicas en superficie y constituye uno de los requisitos antes del inicio de&nbsp; cualquier tipo de obra.<\/p>\n\n\n<p style=\"text-align: justify;\">Elaboramos y ejecutamos planes de monitoreo arqueol\u00f3gico en obras con el objetivo de cumplir con las recomendaciones del Ministerio de Cultura y salvaguardar cualquier evidencia que aparezca de manera fortuita.<\/p>\n\n\n\n\n<p style=\"font-size: 14px; text-align: justify;\">Desarrollamos Proyectos Arqueol\u00f3gicos bajo los par\u00e1metros que establece el Reglamento de Intervenciones&nbsp; Arqueol\u00f3gicas&nbsp; y las normas&nbsp; establecidas por el Ministerio de Cultura.<\/p>\n\n\n<p style=\"font-size: 14px; text-align: justify;\">Con el objetivo de recuperar el valor sociocultural de los monumentos arqueol\u00f3gicos&nbsp; e integrarlo a&nbsp; vida de la poblaci\u00f3n local y nacional. Este tipo de proyectos promueve el fortalecimiento de la identidad cultural, desarrollo socioecon\u00f3mico de las comunidades para la mejora de la calidad de vida y&nbsp; autoestima&nbsp; nacional.<\/p>\n\n\n<p style=\"font-size: 14px; text-align: justify;\">Para casos en que se necesite colocar o renovar los carteles e hitos que se\u00f1alizan y delimitan los sitios arqueol\u00f3gicos, sin que ello implique una reevaluaci\u00f3n de sus l\u00edmites.<\/p>\n\n\n\n\n<p style=\"font-size: 14px; text-align: justify;\">Como herramienta, las im\u00e1genes a\u00e9reas obtenidas con un drone permiten&nbsp; evaluar desde otra perspectiva el&nbsp; paisaje cultural&nbsp; y geogr\u00e1fico, ayudando&nbsp; en el dise\u00f1o y planificaci\u00f3n de las obras.<\/p>\n\n\n<p style=\"font-size: 14px; text-align: justify;\">Ofrecemos servicios de difusi\u00f3n y herramientas virtuales empleando tecnolog\u00edas de Realidad Aumentada (AR) y Realidad Virtual (VR) para promover el conocimiento y la valoraci\u00f3n del patrimonio arqueol\u00f3gico. Estas herramientas permiten a los usuarios explorar sitios arqueol\u00f3gicos de manera inmersiva, accediendo a reconstrucciones virtuales y visitas guiadas interactivas desde cualquier lugar del mundo. Adem\u00e1s, facilitamos la creaci\u00f3n de contenidos educativos y de divulgaci\u00f3n que potencian la comprensi\u00f3n y el inter\u00e9s por el patrimonio cultural, contribuyendo a su preservaci\u00f3n y valorizaci\u00f3n a trav\u00e9s de medios digitales innovadores.<\/p>\n\n\n\n\n\n\n\n\n<h2>Nuesto equipo<\/h2>\n\n<p style=\"text-align: center\"><\/p><p style=\"text-align: center\"><font color=\"#ffffff\">Nuestro staff est\u00e1 compuesto por un equipo multidisciplinario de expertos en arqueolog\u00eda, tecnolog\u00eda y medio ambiente. Contamos con arque\u00f3logos especializados en gesti\u00f3n y preservaci\u00f3n del patrimonio cultural, expertos en la implementaci\u00f3n de tecnolog\u00edas avanzadas como AR, VR, 3D y CGI, tanto para medios fisicos como virtuales, as\u00ed como profesionales en gesti\u00f3n de proyectos y cumplimiento normativo.<\/font><\/p>\n<p style=\"text-align: center\"><font color=\"#ffffff\">Nuestro equipo trabaja de manera colaborativa para ofrecer soluciones integrales y efectivas en la protecci\u00f3n y difusi\u00f3n del patrimonio cultural.<\/font><br><\/p>\n\n\n\n\n\n<h2>Nuestros Sectores<\/h2>\n\n<p style=\"text-align: center;\">GAS<\/p><p style=\"text-align: center;\">Apoyamos a nuestros clientes desde el dise\u00f1o de su l\u00ednea base ambiental, planteo y replanteo de la l\u00ednea, los trazos iniciales, las variantes, la ubicaci\u00f3n de campamentos, acopio, canteras, levantamiento de informaci\u00f3n arqueol\u00f3gica preventiva y gesti\u00f3n de cumplimiento de permisos arqueol\u00f3gicos.<\/p>\n\n<p style=\"text-align: center;\">MINER\u00cdA<\/p><p style=\"text-align: center;\">Ayudamos a nuestros clientes en la gesti\u00f3n integral de un proyecto minero, gesti\u00f3n arqueol\u00f3gica de Estudio de Impacto Ambiental, dise\u00f1o de t\u00e9rminos de referencia para el desarrollo de proyectos arqueol\u00f3gicos, gesti\u00f3n de Certificados de Inexistencia de Restos Arqueol\u00f3gicos CIRA, proyectos de Evaluaci\u00f3n Arqueol\u00f3gica PEA, Proyecto de Rescate Arqueol\u00f3gico, Plan de Monitoreo Arqueol\u00f3gico. Soluci\u00f3n arqueol\u00f3gica en: exploraci\u00f3n geol\u00f3gica, perforaciones, l\u00edneas de transmisi\u00f3n el\u00e9ctrica, presas de relave, \u00e1reas de ventado, tuber\u00edas de agua cruda, plantas de tratamiento, carreteras, fajas transportadoras, tajo de mina y \u00e1reas para reasentamiento urbano y rural.<\/p>\n\n<p style=\"text-align: center;\">ENERG\u00cdA<\/p><p style=\"text-align: center;\">Proporcionamos soporte a nuestros clientes en el dise\u00f1o y desarrollo de la l\u00ednea base arqueol\u00f3gica para proyectos de energ\u00eda, incluyendo l\u00edneas de transmisi\u00f3n el\u00e9ctrica, presas, embalses, canales de derivaci\u00f3n, plantas solares y e\u00f3licas. Nuestros servicios abarcan desde la evaluaci\u00f3n arqueol\u00f3gica inicial hasta el monitoreo durante la construcci\u00f3n, asegurando el cumplimiento de la normativa de protecci\u00f3n del patrimonio cultural y la preservaci\u00f3n de cualquier hallazgo arqueol\u00f3gico.<\/p>\n\n<p style=\"text-align: center;\">QU\u00cdMICO<\/p><p style=\"text-align: center;\">Apoyamos a nuestros clientes en la ubicaci\u00f3n y construcci\u00f3n de sus plantas qu\u00edmicas mediante evaluaciones arqueol\u00f3gicas preliminares, monitoreo durante la construcci\u00f3n y gesti\u00f3n de permisos arqueol\u00f3gicos. Nos aseguramos de proteger y conservar el patrimonio arqueol\u00f3gico, gestionando certificados de inexistencia de restos arqueol\u00f3gicos (CIRA) y proyectos de evaluaci\u00f3n y rescate arqueol\u00f3gico, cumpliendo con todas las normativas vigentes.<\/p>\n\n<p style=\"text-align: center;\">TECNOLOG\u00cdA, MEDIOS Y TELECOMUNICACIONES<\/p><p style=\"text-align: center;\">Brindamos el apoyo en la gesti\u00f3n integral de servicio arqueol\u00f3gico para cumplimiento de normativa de protecci\u00f3n patrimonial de instalaci\u00f3n de antenas repetidoras, fibra \u00f3ptica, radio bases, \u00e1reas para equipos de telecomunicaciones.<\/p>\n\n<p style=\"text-align: center;\">AGRICULTURA<\/p><p style=\"text-align: center;\">Ayudamos a nuestros clientes a obtener el control de sus propiedades, respetando los sitios arqueol\u00f3gicos presentes. Proyectos de irrigaci\u00f3n, presas, canales, exploraci\u00f3n s\u00edsmica, exploraci\u00f3n con perforaci\u00f3n de pozos.<\/p>\n\n<p style=\"text-align: center;\">CONSTRUCCI\u00d3N E INFRAESTRUCTURA<\/p><p style=\"text-align: center;\">Ofrecemos a nuestros clientes soluciones arqueol\u00f3gicas integrales para proyectos de construcci\u00f3n e infraestructura, asegurando el cumplimiento de la normativa de protecci\u00f3n del patrimonio cultural. Esto incluye la evaluaci\u00f3n y gesti\u00f3n arqueol\u00f3gica de proyectos de construcci\u00f3n de carreteras, puentes, t\u00faneles, edificaciones, sistemas de alcantarillado y agua potable, plantas de tratamiento de aguas residuales, instalaciones portuarias y aeropuertos. Nuestro servicio abarca desde la prospecci\u00f3n y evaluaci\u00f3n arqueol\u00f3gica inicial hasta el monitoreo durante la construcci\u00f3n, garantizando que los proyectos se desarrollen respetando y preservando el patrimonio arqueol\u00f3gico.<\/p>\n\n<p style=\"text-align: center;\">EDUCACI\u00d3N Y DIFUSI\u00d3N<\/p><p style=\"text-align: center;\">Promovemos la educaci\u00f3n y difusi\u00f3n del patrimonio cultural utilizando tecnolog\u00edas avanzadas como la realidad aumentada (AR), realidad virtual (VR), modelos 3D, im\u00e1genes generadas por computadora (CGI) y proyecciones holograficas. Estas herramientas permiten recrear sitios arqueol\u00f3gicos y objetos hist\u00f3ricos de manera interactiva e inmersiva, facilitando su estudio y apreciaci\u00f3n tanto en entornos acad\u00e9micos como en exhibiciones p\u00fablicas, museos y plataformas digitales, acercando la historia y el patrimonio a un p\u00fablico m\u00e1s amplio y diverso.<\/p>\n\n\n\n\n\n<h2 style=\"color: rgb(255, 255, 255);\">Nuestra Experiencia<\/h2>\n\n<p style=\"text-align: center\"><\/p><p style=\"text-align: center\"><span style=\"color:#ffffff;\">Nuestros profesionales cuentan con m\u00e1s de diez a\u00f1os de experiencia brindando asesor\u00eda y servicios, tanto para inversi\u00f3n privada como dentro de entidades p\u00fablicas, en temas de arqueolog\u00eda de contrato y gesti\u00f3n p\u00fablica a empresas reconocidas adem\u00e1s, han realizado estudios arqueol\u00f3gicos que han permitido&nbsp; el desarrollo de proyectos de inversi\u00f3n&nbsp; a nivel nacional:<\/span><br><\/p>\n\n\n\n\n\n\n\n\n","protected":false},"excerpt":{"rendered":"","protected":false},"author":0,"featured_media":0,"parent":0,"menu_order":0,"comment_status":"closed","ping_status":"closed","template":"","meta":{"pagelayer_contact_templates":[],"_pagelayer_content":"","footnotes":""},"class_list":["post-32","page","type-page","status-publish","hentry"],"_links":{"self":[{"href":"https:\/\/svarqueologos.com\/web\/wp-json\/wp\/v2\/pages\/32","targetHints":{"allow":["GET"]}}],"collection":[{"href":"https:\/\/svarqueologos.com\/web\/wp-json\/wp\/v2\/pages"}],"about":[{"href":"https:\/\/svarqueologos.com\/web\/wp-json\/wp\/v2\/types\/page"}],"replies":[{"embeddable":true,"href":"https:\/\/svarqueologos.com\/web\/wp-json\/wp\/v2\/comments?post=32"}],"version-history":[{"count":52,"href":"https:\/\/svarqueologos.com\/web\/wp-json\/wp\/v2\/pages\/32\/revisions"}],"predecessor-version":[{"id":276,"href":"https:\/\/svarqueologos.com\/web\/wp-json\/wp\/v2\/pages\/32\/revisions\/276"}],"wp:attachment":[{"href":"https:\/\/svarqueologos.com\/web\/wp-json\/wp\/v2\/media?parent=32"}],"curies":[{"name":"wp","href":"https:\/\/api.w.org\/{rel}","templated":true}]}}