{"id":30,"date":"2024-06-20T16:39:57","date_gmt":"2024-06-20T21:39:57","guid":{"rendered":"https:\/\/svarqueologos.com\/web\/about\/"},"modified":"2024-06-28T16:24:57","modified_gmt":"2024-06-28T21:24:57","slug":"about","status":"publish","type":"page","link":"https:\/\/svarqueologos.com\/web\/about\/","title":{"rendered":"About"},"content":{"rendered":"\n\n\n<h1>Nosotros<\/h1>\n\n\n\n\n\n\n\n\n\n<h6>NUESTRA EMPRESA <\/h6>\n<h2>Gesti\u00f3n sostenible del patrimonio<br><\/h2>\n\n<p style=\"text-align: justify;\">Somos una consultora especializada en la formulaci\u00f3n de estudios arqueol\u00f3gicos y estrategias de gesti\u00f3n cultural. Respondemos eficazmente ante la creciente necesidad de una opini\u00f3n t\u00e9cnica-cient\u00edfica en arqueolog\u00eda para la ejecuci\u00f3n de proyectos de desarrollo social, econ\u00f3mico y de infraestructura.<\/p><p><br><\/p><p style=\"text-align: justify;\">Nuestro trabajo se basa en la amplia experiencia de nuestros profesionales y en los s\u00f3lidos principios que surgen a partir de la preocupaci\u00f3n por la gesti\u00f3n sostenible del patrimonio arqueol\u00f3gico. Es as\u00ed que promovemos la integridad, honestidad, seguridad y el comportamiento \u00e9tico y responsable de nuestros colaboradores para el buen ejercicio de la profesi\u00f3n.<\/p>\n\n\n\n\n<h2>Desarrollamos soluciones y Estrategias Responsables<\/h2>\n\n<p style=\"text-align: center\"><span style=\"color:#ffffff;\">Una consultora experta en estudios arqueol\u00f3gicos y gesti\u00f3n cultural, ofreciendo respuestas t\u00e9cnicas y cient\u00edficas a las demandas de proyectos de desarrollo social, econ\u00f3mico e infraestructura. Basamos nuestro trabajo en la vasta experiencia de nuestros profesionales y en principios s\u00f3lidos de sostenibilidad del patrimonio arqueol\u00f3gico, fomentando la integridad, honestidad, seguridad y \u00e9tica en todos nuestros colaboradores.<\/span><br><\/p>\n\n\n\n\n\n<h2>Nuestro compromiso<\/h2>\n\n\n\n<p>Proveer un servicio eficiente, confiable y de calidad. Ello significa brindar un asesoramiento&nbsp; integral con un plan de trabajo personalizado que permita a nuestros clientes alcanzar sus objetivos. Para nosotros es importante que los proyectos de inversi\u00f3n tengan \u00e9xito sin dejar de resguardar el Patrimonio Cultural de la Naci\u00f3n.<br><\/p>\n\n\n<p>Buscamos convertirnos en la consultora en arqueolog\u00eda con el mejor rendimiento cient\u00edfico y t\u00e9cnico. Por ello, trabajamos en implementar nuevos recursos que permitan ofrecer soluciones eficaces.<br><\/p>\n\n\n\n\n\n\n<h2>Nuestra Experiencia<\/h2>\n\n\n\n\n\n\n\n\n","protected":false},"excerpt":{"rendered":"","protected":false},"author":0,"featured_media":0,"parent":0,"menu_order":0,"comment_status":"closed","ping_status":"closed","template":"","meta":{"pagelayer_contact_templates":[],"_pagelayer_content":"","footnotes":""},"class_list":["post-30","page","type-page","status-publish","hentry"],"_links":{"self":[{"href":"https:\/\/svarqueologos.com\/web\/wp-json\/wp\/v2\/pages\/30","targetHints":{"allow":["GET"]}}],"collection":[{"href":"https:\/\/svarqueologos.com\/web\/wp-json\/wp\/v2\/pages"}],"about":[{"href":"https:\/\/svarqueologos.com\/web\/wp-json\/wp\/v2\/types\/page"}],"replies":[{"embeddable":true,"href":"https:\/\/svarqueologos.com\/web\/wp-json\/wp\/v2\/comments?post=30"}],"version-history":[{"count":10,"href":"https:\/\/svarqueologos.com\/web\/wp-json\/wp\/v2\/pages\/30\/revisions"}],"predecessor-version":[{"id":270,"href":"https:\/\/svarqueologos.com\/web\/wp-json\/wp\/v2\/pages\/30\/revisions\/270"}],"wp:attachment":[{"href":"https:\/\/svarqueologos.com\/web\/wp-json\/wp\/v2\/media?parent=30"}],"curies":[{"name":"wp","href":"https:\/\/api.w.org\/{rel}","templated":true}]}}